{"id":50,"date":"2026-01-22T08:20:02","date_gmt":"2026-01-22T08:20:02","guid":{"rendered":"https:\/\/amoran.santcugatesn.com\/?page_id=50"},"modified":"2026-01-22T08:20:02","modified_gmt":"2026-01-22T08:20:02","slug":"inicio","status":"publish","type":"page","link":"https:\/\/amoran.santcugatesn.com\/","title":{"rendered":"Inicio"},"content":{"rendered":"\n<div class=\"wp-block-cover alignfull wp-elements-6d091f68c410fbee97220f0b7349a379\" style=\"min-height:720px;aspect-ratio:unset;\"><img decoding=\"async\" class=\"wp-block-cover__image-background\" alt=\"\" src=\"blob:https:\/\/amoran.santcugatesn.com\/f111bae4-28f8-4b97-87a1-a8bb56800644\" data-object-fit=\"cover\"\/><span aria-hidden=\"true\" class=\"wp-block-cover__background has-background-dim wp-block-cover__gradient-background has-background-gradient\" style=\"background:radial-gradient(rgb(202,248,128) 0%,rgb(113,206,126) 44%)\"><\/span><div class=\"wp-block-cover__inner-container is-layout-flow wp-block-cover-is-layout-flow\">\n<div class=\"inherit-container-width wp-block-group alignwide is-layout-constrained wp-block-group-is-layout-constrained\">\n<div class=\"wp-block-media-text alignwide has-media-on-the-right is-stacked-on-mobile is-vertically-aligned-center\" style=\"border-style:none;border-width:0px;padding-top:0;padding-bottom:0;grid-template-columns:auto 38%\"><div class=\"wp-block-media-text__content\">\n<h1 class=\"wp-block-heading has-text-align-left has-vivid-green-cyan-color has-text-color\">Encuentra tu perfume perfecto!<\/h1>\n\n\n\n<p class=\"has-white-color has-text-color has-vivid-green-cyan-color has-link-color wp-elements-151732089dcff4081e3cc03fc36e9a34\">Mediante nuestra IA, te indicaremos cual es la fragancia que mas concuerda seg\u00fan tus gustos y personalidad.<\/p>\n\n\n\n<div class=\"wp-block-buttons is-layout-flex wp-block-buttons-is-layout-flex\">\n<div class=\"wp-block-button is-style-fill\"><a class=\"wp-block-button__link has-white-color has-vivid-green-cyan-background-color has-text-color has-background has-link-color wp-element-button\" href=\"#\">EMPIEZA YA!<\/a><\/div>\n<\/div>\n<\/div><figure class=\"wp-block-media-text__media\"><img loading=\"lazy\" decoding=\"async\" width=\"1024\" height=\"1024\" src=\"https:\/\/amoran.santcugatesn.com\/wp-content\/uploads\/2026\/01\/Gemini_Generated_Image_icozglicozglicoz.png\" alt=\"\" class=\"wp-image-64 size-full\" srcset=\"https:\/\/amoran.santcugatesn.com\/wp-content\/uploads\/2026\/01\/Gemini_Generated_Image_icozglicozglicoz.png 1024w, https:\/\/amoran.santcugatesn.com\/wp-content\/uploads\/2026\/01\/Gemini_Generated_Image_icozglicozglicoz-300x300.png 300w, https:\/\/amoran.santcugatesn.com\/wp-content\/uploads\/2026\/01\/Gemini_Generated_Image_icozglicozglicoz-150x150.png 150w, https:\/\/amoran.santcugatesn.com\/wp-content\/uploads\/2026\/01\/Gemini_Generated_Image_icozglicozglicoz-768x768.png 768w\" sizes=\"auto, (max-width: 1024px) 100vw, 1024px\" \/><\/figure><\/div>\n<\/div>\n<\/div><\/div>\n\n\n\n<div class=\"wp-block-group alignfull is-layout-constrained wp-container-core-group-is-layout-45b0ac4f wp-block-group-is-layout-constrained\" id=\"services\" style=\"padding-top:144px;padding-bottom:0px\">\n<h2 class=\"wp-block-heading has-text-color has-link-color wp-elements-bb671be7527b89577828e7760f8c243e\" style=\"color:#005c3a\">Ultima colecci\u00f3n<\/h2>\n\n\n\n<div class=\"wp-block-columns is-layout-flex wp-container-core-columns-is-layout-60cbf9bb wp-block-columns-is-layout-flex\" style=\"margin-top:50px\">\n<div class=\"wp-block-column has-text-color has-link-color wp-elements-815fcf32db4d49d1efb63d2ec19a634e is-layout-flow wp-container-core-column-is-layout-6b73ce23 wp-block-column-is-layout-flow\" style=\"color:#005c3a\">\n<figure class=\"wp-block-image size-full\"><img loading=\"lazy\" decoding=\"async\" width=\"1024\" height=\"1024\" src=\"https:\/\/amoran.santcugatesn.com\/wp-content\/uploads\/2026\/01\/Gemini_Generated_Image_kmuciqkmuciqkmuc.png\" alt=\"\" class=\"wp-image-63\" srcset=\"https:\/\/amoran.santcugatesn.com\/wp-content\/uploads\/2026\/01\/Gemini_Generated_Image_kmuciqkmuciqkmuc.png 1024w, https:\/\/amoran.santcugatesn.com\/wp-content\/uploads\/2026\/01\/Gemini_Generated_Image_kmuciqkmuciqkmuc-300x300.png 300w, https:\/\/amoran.santcugatesn.com\/wp-content\/uploads\/2026\/01\/Gemini_Generated_Image_kmuciqkmuciqkmuc-150x150.png 150w, https:\/\/amoran.santcugatesn.com\/wp-content\/uploads\/2026\/01\/Gemini_Generated_Image_kmuciqkmuciqkmuc-768x768.png 768w\" sizes=\"auto, (max-width: 1024px) 100vw, 1024px\" \/><\/figure>\n\n\n\n<h3 class=\"wp-block-heading has-text-color has-link-color wp-elements-e3d7aec55a4ff31410a1536c0444bac0\" style=\"color:#005c3a;margin-top:16px\">Eau de Toilette<\/h3>\n\n\n\n<p class=\"has-text-color has-link-color wp-elements-518fa86c2cc653eeed538591772f455d\" style=\"color:#005c3a\">Es una fragancia que captura la calma y la frescura de la naturaleza en su estado m\u00e1s puro. Este perfume envuelve la piel con una sensaci\u00f3n limpia, suave y aut\u00e9ntica, ideal para quienes buscan un aroma natural, elegante y consciente.<\/p>\n\n\n\n<p>29,99\u20ac<\/p>\n<\/div>\n\n\n\n<div class=\"wp-block-column has-text-color has-link-color wp-elements-2b92d627c940cd4bcdfead09a48e25a1 is-layout-flow wp-container-core-column-is-layout-6b73ce23 wp-block-column-is-layout-flow\" style=\"color:#005c3a\">\n<figure class=\"wp-block-image size-full\"><img loading=\"lazy\" decoding=\"async\" width=\"1024\" height=\"1024\" src=\"https:\/\/amoran.santcugatesn.com\/wp-content\/uploads\/2026\/01\/Gemini_Generated_Image_22h6ch22h6ch22h6.png\" alt=\"\" class=\"wp-image-66\" srcset=\"https:\/\/amoran.santcugatesn.com\/wp-content\/uploads\/2026\/01\/Gemini_Generated_Image_22h6ch22h6ch22h6.png 1024w, https:\/\/amoran.santcugatesn.com\/wp-content\/uploads\/2026\/01\/Gemini_Generated_Image_22h6ch22h6ch22h6-300x300.png 300w, https:\/\/amoran.santcugatesn.com\/wp-content\/uploads\/2026\/01\/Gemini_Generated_Image_22h6ch22h6ch22h6-150x150.png 150w, https:\/\/amoran.santcugatesn.com\/wp-content\/uploads\/2026\/01\/Gemini_Generated_Image_22h6ch22h6ch22h6-768x768.png 768w\" sizes=\"auto, (max-width: 1024px) 100vw, 1024px\" \/><\/figure>\n\n\n\n<h3 class=\"wp-block-heading has-text-color has-link-color wp-elements-2035f92f442725490cb56e0d6143c71f\" style=\"color:#005c3a;margin-top:16px\">Wildwood Bloom<\/h3>\n\n\n\n<p class=\"has-text-color has-link-color wp-elements-6aa5da88fb608d2e2521076d415e966e\" style=\"color:#005c3a\">Es una fragancia que nace del coraz\u00f3n del bosque. Profunda, serena y envolvente, combina la fuerza de las maderas naturales con la frescura de elementos verdes, creando un aroma elegante y equilibrado que conecta con la tierra.<\/p>\n\n\n\n<p>35,99\u20ac<\/p>\n<\/div>\n\n\n\n<div class=\"wp-block-column has-text-color has-link-color wp-elements-15b809ff0329812135d279390d01e8c9 is-layout-flow wp-container-core-column-is-layout-6b73ce23 wp-block-column-is-layout-flow\" style=\"color:#005c3a\">\n<figure class=\"wp-block-image size-full\"><img loading=\"lazy\" decoding=\"async\" width=\"1024\" height=\"1024\" src=\"https:\/\/amoran.santcugatesn.com\/wp-content\/uploads\/2026\/01\/Gemini_Generated_Image_hrgeaohrgeaohrge-2.png\" alt=\"\" class=\"wp-image-65\" srcset=\"https:\/\/amoran.santcugatesn.com\/wp-content\/uploads\/2026\/01\/Gemini_Generated_Image_hrgeaohrgeaohrge-2.png 1024w, https:\/\/amoran.santcugatesn.com\/wp-content\/uploads\/2026\/01\/Gemini_Generated_Image_hrgeaohrgeaohrge-2-300x300.png 300w, https:\/\/amoran.santcugatesn.com\/wp-content\/uploads\/2026\/01\/Gemini_Generated_Image_hrgeaohrgeaohrge-2-150x150.png 150w, https:\/\/amoran.santcugatesn.com\/wp-content\/uploads\/2026\/01\/Gemini_Generated_Image_hrgeaohrgeaohrge-2-768x768.png 768w\" sizes=\"auto, (max-width: 1024px) 100vw, 1024px\" \/><\/figure>\n\n\n\n<h3 class=\"wp-block-heading has-text-color has-link-color wp-elements-dc2180452f1a78fe3f45c60797f9f933\" style=\"color:#005c3a;margin-top:16px\">Eau de Parfum<\/h3>\n\n\n\n<p class=\"has-text-color has-link-color wp-elements-8d6904f1079e53aae4346c4d7cf1d9ff\" style=\"color:#005c3a\">Es una fragancia profunda y envolvente que combina la nobleza de las maderas naturales con especias suaves y elegantes. Inspirado en la calidez de la tierra y la energ\u00eda de los elementos, este perfume transmite seguridad, car\u00e1cter y equilibrio.<\/p>\n\n\n\n<p>29,99\u20ac<\/p>\n<\/div>\n<\/div>\n<\/div>\n\n\n\n<div class=\"wp-block-group alignfull has-background is-layout-constrained wp-container-core-group-is-layout-94d206d0 wp-block-group-is-layout-constrained\" id=\"about\" style=\"background:linear-gradient(135deg,rgb(202,248,128) 5%,rgb(113,206,126) 39%);padding-top:143px;padding-bottom:144px\">\n<div class=\"wp-block-media-text has-media-on-the-right is-stacked-on-mobile is-vertically-aligned-center\"><div class=\"wp-block-media-text__content\">\n<div class=\"inherit-container-width wp-block-group is-layout-constrained wp-container-core-group-is-layout-47ce07ec wp-block-group-is-layout-constrained\" style=\"padding-right:80px\">\n<h2 class=\"wp-block-heading has-white-color has-text-color has-link-color wp-elements-552f03a7e6ef96ad674cb7a8710288b3\" style=\"padding-right:40px\">Por que deber\u00edas escogernos?<\/h2>\n\n\n\n<p class=\"has-white-color has-text-color has-link-color wp-elements-8d34f36eea5e2eebe8b13f0ea92bf394\">En Natural Essence disponemos de perfumes sostenibles y naturales que tienen una total fabricaci\u00f3n artesanal. Esto tiene un menor impacto ambiental de los&nbsp;perfumes&nbsp;convencionales, suele utilizarse alcohol de origen vegetal para su emulsi\u00f3n y no provocan nuevas alergias<\/p>\n\n\n\n<p class=\"has-white-color has-text-color has-link-color wp-elements-6b4c761e5a6ee5926789accd0efd5a37\">\u00a1ENCUENTRA TU FRAGANCIA PERFECTA CON NOSOTROS!<\/p>\n<\/div>\n<\/div><figure class=\"wp-block-media-text__media\"><img loading=\"lazy\" decoding=\"async\" width=\"1024\" height=\"1024\" src=\"https:\/\/amoran.santcugatesn.com\/wp-content\/uploads\/2026\/01\/Gemini_Generated_Image_4d77m54d77m54d77.png\" alt=\"\" class=\"wp-image-70 size-full\" srcset=\"https:\/\/amoran.santcugatesn.com\/wp-content\/uploads\/2026\/01\/Gemini_Generated_Image_4d77m54d77m54d77.png 1024w, https:\/\/amoran.santcugatesn.com\/wp-content\/uploads\/2026\/01\/Gemini_Generated_Image_4d77m54d77m54d77-300x300.png 300w, https:\/\/amoran.santcugatesn.com\/wp-content\/uploads\/2026\/01\/Gemini_Generated_Image_4d77m54d77m54d77-150x150.png 150w, https:\/\/amoran.santcugatesn.com\/wp-content\/uploads\/2026\/01\/Gemini_Generated_Image_4d77m54d77m54d77-768x768.png 768w\" sizes=\"auto, (max-width: 1024px) 100vw, 1024px\" \/><\/figure><\/div>\n<\/div>\n\n\n\n<div class=\"wp-block-group alignfull is-layout-constrained wp-container-core-group-is-layout-3fee123f wp-block-group-is-layout-constrained\" id=\"whyus\" style=\"padding-top:144px;padding-bottom:144px\">\n<h2 class=\"wp-block-heading\">Informaci\u00f3n adicional<\/h2>\n\n\n\n<div class=\"wp-block-columns is-layout-flex wp-container-core-columns-is-layout-29aadeec wp-block-columns-is-layout-flex\" style=\"margin-top:60px\">\n<div class=\"wp-block-column is-layout-flow wp-container-core-column-is-layout-6b73ce23 wp-block-column-is-layout-flow\">\n<h3 class=\"wp-block-heading has-black-color has-text-color has-link-color wp-elements-54e5fcddf0807dc9a8cad3d56cfee51f\" style=\"margin-top:16px\">Donde nos ubicamos?<\/h3>\n\n\n\n<p class=\"has-black-color has-text-color has-link-color wp-elements-f90b023b1c3609816bde01e7e5120138\">Estamos en Calle Marconi 255, en Barcelona centro. Ven a nuestra tienda f\u00edsica y recibe una atenci\u00f3n mas personalizada<\/p>\n<\/div>\n\n\n\n<div class=\"wp-block-column is-layout-flow wp-container-core-column-is-layout-6b73ce23 wp-block-column-is-layout-flow\">\n<h3 class=\"wp-block-heading has-black-color has-text-color has-link-color wp-elements-8e9539f32ac126bd40d5c1f60d391488\" style=\"margin-top:16px\">Gastos de env\u00edo gratis<\/h3>\n\n\n\n<p class=\"has-black-color has-text-color has-link-color wp-elements-686e0daeeef31d73969b0e7754e06fe3\"><strong>Domicilio:<\/strong> Por compras superiores a:&nbsp;29.95\u20ac<\/p>\n\n\n\n<p class=\"has-black-color has-text-color has-link-color wp-elements-ddccff749b57cc65fd12438281677b59\"><strong>Oficina correos:<\/strong> Por compras superiores a:&nbsp;29.95\u20ac<\/p>\n<\/div>\n\n\n\n<div class=\"wp-block-column is-layout-flow wp-container-core-column-is-layout-6b73ce23 wp-block-column-is-layout-flow\">\n<h3 class=\"wp-block-heading has-black-color has-text-color has-link-color wp-elements-48335c818e07c078e954fb33c2e3ba89\" style=\"margin-top:16px\">Soporte <\/h3>\n\n\n\n<p class=\"has-black-color has-text-color has-link-color wp-elements-3fd6693c0a5eb74867576ba97e2474ec\"><strong>CORREO ELECTRONICO:<\/strong> naturalessencepost@gmail.com<\/p>\n\n\n\n<p class=\"has-black-color has-text-color has-link-color wp-elements-44da6563a3e9f99bb0341a2e63405b5e\"><strong>TELEFONO:<\/strong> 678242111<\/p>\n<\/div>\n<\/div>\n<\/div>\n\n\n\n<div class=\"wp-block-group alignfull has-background is-layout-constrained wp-container-core-group-is-layout-cfcca693 wp-block-group-is-layout-constrained\" id=\"contact\" style=\"background:linear-gradient(135deg,rgb(202,248,128) 11%,rgb(113,206,126) 56%);padding-top:104px;padding-bottom:104px\">\n<h2 class=\"wp-block-heading has-text-align-center has-text-color\" style=\"color:#ffffff\"><em>Natural Essence, el lujo de lo natural.<\/em><\/h2>\n<\/div>\n\n\n\n<p><\/p>\n","protected":false},"excerpt":{"rendered":"<p>Ultima colecci\u00f3n Eau de Toilette Es una fragancia que captura la calma y la frescura de la naturaleza en su [&hellip;]<\/p>\n","protected":false},"author":1,"featured_media":0,"parent":0,"menu_order":0,"comment_status":"closed","ping_status":"closed","template":"","meta":{"site-sidebar-layout":"no-sidebar","site-content-layout":"plain-container","ast-site-content-layout":"default","site-content-style":"default","site-sidebar-style":"default","ast-global-header-display":"","ast-banner-title-visibility":"","ast-main-header-display":"","ast-hfb-above-header-display":"","ast-hfb-below-header-display":"","ast-hfb-mobile-header-display":"","site-post-title":"disabled","ast-breadcrumbs-content":"","ast-featured-img":"","footer-sml-layout":"","ast-disable-related-posts":"","theme-transparent-header-meta":"enabled","adv-header-id-meta":"","stick-header-meta":"","header-above-stick-meta":"","header-main-stick-meta":"","header-below-stick-meta":"","astra-migrate-meta-layouts":"default","ast-page-background-enabled":"default","ast-page-background-meta":{"desktop":{"background-color":"var(--ast-global-color-5)","background-image":"","background-repeat":"repeat","background-position":"center center","background-size":"auto","background-attachment":"scroll","background-type":"","background-media":"","overlay-type":"","overlay-color":"","overlay-opacity":"","overlay-gradient":""},"tablet":{"background-color":"","background-image":"","background-repeat":"repeat","background-position":"center center","background-size":"auto","background-attachment":"scroll","background-type":"","background-media":"","overlay-type":"","overlay-color":"","overlay-opacity":"","overlay-gradient":""},"mobile":{"background-color":"","background-image":"","background-repeat":"repeat","background-position":"center center","background-size":"auto","background-attachment":"scroll","background-type":"","background-media":"","overlay-type":"","overlay-color":"","overlay-opacity":"","overlay-gradient":""}},"ast-content-background-meta":{"desktop":{"background-color":"var(--ast-global-color-4)","background-image":"","background-repeat":"repeat","background-position":"center center","background-size":"auto","background-attachment":"scroll","background-type":"","background-media":"","overlay-type":"","overlay-color":"","overlay-opacity":"","overlay-gradient":""},"tablet":{"background-color":"var(--ast-global-color-4)","background-image":"","background-repeat":"repeat","background-position":"center center","background-size":"auto","background-attachment":"scroll","background-type":"","background-media":"","overlay-type":"","overlay-color":"","overlay-opacity":"","overlay-gradient":""},"mobile":{"background-color":"var(--ast-global-color-4)","background-image":"","background-repeat":"repeat","background-position":"center center","background-size":"auto","background-attachment":"scroll","background-type":"","background-media":"","overlay-type":"","overlay-color":"","overlay-opacity":"","overlay-gradient":""}},"footnotes":""},"class_list":["post-50","page","type-page","status-publish","hentry"],"_links":{"self":[{"href":"https:\/\/amoran.santcugatesn.com\/index.php\/wp-json\/wp\/v2\/pages\/50","targetHints":{"allow":["GET"]}}],"collection":[{"href":"https:\/\/amoran.santcugatesn.com\/index.php\/wp-json\/wp\/v2\/pages"}],"about":[{"href":"https:\/\/amoran.santcugatesn.com\/index.php\/wp-json\/wp\/v2\/types\/page"}],"author":[{"embeddable":true,"href":"https:\/\/amoran.santcugatesn.com\/index.php\/wp-json\/wp\/v2\/users\/1"}],"replies":[{"embeddable":true,"href":"https:\/\/amoran.santcugatesn.com\/index.php\/wp-json\/wp\/v2\/comments?post=50"}],"version-history":[{"count":7,"href":"https:\/\/amoran.santcugatesn.com\/index.php\/wp-json\/wp\/v2\/pages\/50\/revisions"}],"predecessor-version":[{"id":76,"href":"https:\/\/amoran.santcugatesn.com\/index.php\/wp-json\/wp\/v2\/pages\/50\/revisions\/76"}],"wp:attachment":[{"href":"https:\/\/amoran.santcugatesn.com\/index.php\/wp-json\/wp\/v2\/media?parent=50"}],"curies":[{"name":"wp","href":"https:\/\/api.w.org\/{rel}","templated":true}]}}